{"id":7783,"date":"2022-08-31T11:51:09","date_gmt":"2022-08-31T11:51:09","guid":{"rendered":"https:\/\/unairodriguez.com\/?page_id=7783"},"modified":"2022-10-24T14:27:13","modified_gmt":"2022-10-24T14:27:13","slug":"inicio-2","status":"publish","type":"page","link":"https:\/\/unairodriguez.com\/en\/","title":{"rendered":""},"content":{"rendered":"<div  class=\"page-section-content  section page-section-69e4495d92a12\"  ><div class=\"w-screen background-image-hide jarallax-image\"  data-type=\"scale-opacity\" data-speed=\"0.2\" data-mobile=\"1\" data-img-repeat= \"no-repeat\" data-img-position= \"center top\" data-img-size=\"cover\" style=\"background-image: url(https:\/\/unairodriguez.com\/wp-content\/uploads\/2022\/09\/3.png);\"><\/div><div class=\"container page-section\"><div class=\"ok-row\"><div  class=\"ok-xsd-12 page-section-69e4495d92d92  text-center items-end  flex flex-wrap ok-md-12\"   ><div class=\"page-section\" ><div class=\"dimacoltable page-section\"><div class=\"dimacell\"><div  class=\"slick-slider\" ><div class=\"\" data-dima-element=\"slick_slider\" data-dima-params=\"{&quot;dots&quot;:false,&quot;autoplay&quot;:true,&quot;arrows&quot;:false,&quot;slidesToScroll&quot;:1,&quot;infinite&quot;:true,&quot;fade&quot;:true,&quot;centerMode&quot;:false,&quot;centerPadding&quot;:&quot;50px&quot;,&quot;variableWidth&quot;:false,&quot;draggable&quot;:true,&quot;asNavFor&quot;:null,&quot;adaptiveHeight&quot;:false,&quot;mobileFirst&quot;:true,&quot;pauseOnHover&quot;:false,&quot;pauseOnFocus&quot;:false,&quot;vertical&quot;:false,&quot;verticalSwiping&quot;:false,&quot;slidesToShow&quot;:&quot;1&quot;,&quot;speed&quot;:&quot;300&quot;,&quot;autoplaySpeed&quot;:&quot;3000&quot;,&quot;lazyLoad&quot;:&quot;ondemand&quot;,&quot;items_phone&quot;:1,&quot;items_tablet&quot;:1,&quot;rtl&quot;:false}\"><div   class=\"slick-item\" ><div  class=\"dima-img text-center column-item overflow-hidden\"       ><img decoding=\"async\" class=\"dima_image-img dima-image\" src=\"https:\/\/unairodriguez.com\/wp-content\/uploads\/2022\/08\/1-blanco-1-400x400.png\" width=\"400\" height=\"400\" alt=\"alt=&quot;&quot;\" title=\"1 blanco\" \/><\/div><\/div><div   class=\"slick-item\" ><div  class=\"dima-img text-center column-item overflow-hidden\"       ><img decoding=\"async\" class=\"dima_image-img dima-image\" src=\"https:\/\/unairodriguez.com\/wp-content\/uploads\/2022\/08\/3-blanco-400x400.png\" width=\"400\" height=\"400\" alt=\"alt=&quot;&quot;\" title=\"3 blanco\" \/><\/div><\/div><div   class=\"slick-item\" ><div  class=\"dima-img text-center column-item overflow-hidden\"       ><img decoding=\"async\" class=\"dima_image-img dima-image\" src=\"https:\/\/unairodriguez.com\/wp-content\/uploads\/2022\/08\/2-blanco-400x400.png\" width=\"400\" height=\"400\" alt=\"alt=&quot;&quot;\" title=\"2 blanco\" \/><\/div><\/div><div   class=\"slick-item\" ><div  class=\"dima-img text-center column-item overflow-hidden\"       ><img decoding=\"async\" class=\"dima_image-img dima-image\" src=\"https:\/\/unairodriguez.com\/wp-content\/uploads\/2022\/08\/4-blanco-400x400.png\" width=\"400\" height=\"400\" alt=\"alt=&quot;&quot;\" title=\"4 blanco\" \/><\/div><\/div><\/div><\/div><\/div><\/div><\/div><\/div><\/div><\/div><\/div><div  class=\"page-section-content section page-section-69e4495d93d3c\"  ><div class=\"container page-section\"><div class=\"ok-row\"><div  class=\"ok-xsd-12 page-section-69e4495d93dcc   ok-md-12\"   ><div class=\"page-section\" ><div class=\"dimacoltable page-section\"><div class=\"dimacell\"><div  class=\"section page-section-69e4495d93ea1\" ><div class=\"no-padding-section page-section-content\"  ><div class=\"page-section\"><div class=\"ok-row\"><div  class=\"ok-sd-6 ok-xsd-12 ok-md-4\" style=\"\" ><div   class=\"dima-video embed\" ><div class=\"embed-responsive embed-responsive-16by9\"><iframe class=\"lazyload\" title=\"Unai Rodr\u00edguez - M\u00fasica para guitarra\" width=\"1170\" height=\"658\" data-src=\"https:\/\/www.youtube.com\/embed\/aDLdd5W6yBI?feature=oembed\" frameborder=\"0\" allow=\"accelerometer; autoplay; clipboard-write; encrypted-media; gyroscope; picture-in-picture\" allowfullscreen><\/iframe><\/div><\/div><\/div><div  class=\"ok-sd-6 ok-xsd-12 ok-md-4\" style=\"\" >\n\t<div class=\"wpb_raw_code wpb_content_element wpb_raw_html\" >\n\t\t<div class=\"wpb_wrapper\">\n\t\t\t<iframe width=\"100%\" height=\"450\" scrolling=\"no\" frameborder=\"no\" allow=\"autoplay\" src=\"https:\/\/w.soundcloud.com\/player\/?url=https%3A\/\/api.soundcloud.com\/playlists\/274020135&color=%23ff5500&auto_play=false&hide_related=false&show_comments=true&show_user=true&show_reposts=false&show_teaser=true\"><\/iframe><div style=\"font-size: 10px; color: #cccccc;line-break: anywhere;word-break: normal;overflow: hidden;white-space: nowrap;text-overflow: ellipsis; font-family: Interstate,Lucida Grande,Lucida Sans Unicode,Lucida Sans,Garuda,Verdana,Tahoma,sans-serif;font-weight: 100;\"><a href=\"https:\/\/soundcloud.com\/unairodriguez\" title=\"Unai Rodr\u00edguez\" target=\"_blank\" style=\"color: #cccccc; text-decoration: none;\">Unai Rodr\u00edguez<\/a> \u00b7 <a href=\"https:\/\/soundcloud.com\/unairodriguez\/sets\/sonidos-del-alma\" title=\"Sonidos del Alma\" target=\"_blank\" style=\"color: #cccccc; text-decoration: none;\">Sonidos del Alma<\/a><\/div>\n\t\t<\/div>\n\t<\/div>\n<\/div><div  class=\"ok-sd-6 ok-xsd-12 ok-md-4\" style=\"\" ><div  class=\"dima-img text-center column-item overflow-hidden\"       ><a  class=\"\"  target=\"_blank\" rel=\"noopener\" href=\"https:\/\/www.patreon.com\/unairodriguez\" ><img decoding=\"async\" class=\"dima_image-img dima-image\" src=\"https:\/\/unairodriguez.com\/wp-content\/uploads\/2022\/08\/Digital-Patreon-Logo_FieryCoral-80x80.png\" width=\"80\" height=\"80\" alt=\"alt=&quot;&quot;\" title=\"Digital-Patreon-Logo_FieryCoral\" \/><\/a><\/div>\n\t<div class=\"wpb_content_element\" >\n\t\t<div class=\"wpb_wrapper\">\n\t\t\t<h4 style=\"text-align: center;\">Subscr\u00edbete en Patreon para seguir mi proceso creativo y escuchar las nuevas grabaciones antes de ser publicadas.<\/h4>\n\n\t\t<\/div> \n\t<\/div> <div  class=\"dima-img columns-1 text-center column-item overflow-hidden\"       ><a  class=\"\"  target=\"_blank\" rel=\"noopener\" href=\"https:\/\/www.patreon.com\/unairodriguez\" ><img decoding=\"async\" class=\"dima_image-img dima-image\" src=\"https:\/\/unairodriguez.com\/wp-content\/uploads\/2022\/08\/Digital-Patreon-Wordmark_FieryCoral-240x40.png\" width=\"240\" height=\"40\" alt=\"alt=&quot;&quot;\" title=\"Digital-Patreon-Wordmark_FieryCoral\" \/><\/a><\/div><\/div><\/div><\/div><\/div><\/div><\/div><\/div><\/div><\/div><\/div><\/div><\/div><div  class=\"page-section-content section page-section-69e4495d94a3f\"  ><div class=\"container page-section\"><div class=\"ok-row\"><div  class=\"ok-xsd-12 page-section-69e4495d94aff   ok-md-12\"   ><div class=\"page-section\" ><div class=\"dimacoltable page-section\"><div class=\"dimacell\"><h2 style=\"text-align: center;font-family:Source Sans Pro;font-weight:600;font-style:normal\" class=\"vc_custom_heading\" ><a href=\"https:\/\/unairodriguez.com\/en\/formacion\/\">Cursos de iniciaci\u00f3n, nivel intermedio y avanzado.<\/a><\/h2><div  class=\"section page-section-69e4495d94d00\" ><div class=\"no-padding-section page-section-content\"  ><div class=\"page-section\"><div class=\"ok-row\"><div  class=\"ok-sd-6 ok-xsd-12 ok-md-6\" style=\"\" ><div  class=\"dima-img rounded text-center column-item overflow-hidden\"       ><a  class=\"\"   href=\"https:\/\/unairodriguez.com\/en\/formacion\/incubadora\/\" ><img decoding=\"async\" width=\"1080\" height=\"1080\" src=\"https:\/\/unairodriguez.com\/wp-content\/uploads\/2022\/08\/POST-1-incubadora-de-canciones-cuadrado-100x100.jpg\" class=\"dima_image-img dima-image attachment-full lazyload js-lazy-image\" alt=\"\" data-src=\"https:\/\/unairodriguez.com\/wp-content\/uploads\/2022\/08\/POST-1-incubadora-de-canciones-cuadrado.jpg\" data-srcset=\"https:\/\/unairodriguez.com\/wp-content\/uploads\/2022\/08\/POST-1-incubadora-de-canciones-cuadrado.jpg 1080w, https:\/\/unairodriguez.com\/wp-content\/uploads\/2022\/08\/POST-1-incubadora-de-canciones-cuadrado-300x300.jpg 300w, https:\/\/unairodriguez.com\/wp-content\/uploads\/2022\/08\/POST-1-incubadora-de-canciones-cuadrado-1024x1024.jpg 1024w, https:\/\/unairodriguez.com\/wp-content\/uploads\/2022\/08\/POST-1-incubadora-de-canciones-cuadrado-150x150.jpg 150w, https:\/\/unairodriguez.com\/wp-content\/uploads\/2022\/08\/POST-1-incubadora-de-canciones-cuadrado-768x768.jpg 768w, https:\/\/unairodriguez.com\/wp-content\/uploads\/2022\/08\/POST-1-incubadora-de-canciones-cuadrado-12x12.jpg 12w, https:\/\/unairodriguez.com\/wp-content\/uploads\/2022\/08\/POST-1-incubadora-de-canciones-cuadrado-585x585.jpg 585w, https:\/\/unairodriguez.com\/wp-content\/uploads\/2022\/08\/POST-1-incubadora-de-canciones-cuadrado-100x100.jpg 100w\" data-sizes=\"(max-width: 1080px) 100vw, 1080px\" \/><\/a><\/div><\/div><div  class=\"ok-sd-6 ok-xsd-12 ok-md-6\" style=\"\" ><div  class=\"dima-img rounded column-item overflow-hidden\"       ><a  class=\"\"   href=\"https:\/\/unairodriguez.com\/en\/bienestar-en-la-practica-musical\/\" ><img decoding=\"async\" width=\"1080\" height=\"1080\" src=\"https:\/\/unairodriguez.com\/wp-content\/uploads\/2022\/08\/BPM-cuadrado-web-100x100.jpg\" class=\"dima_image-img dima-image attachment-full lazyload js-lazy-image\" alt=\"\" data-src=\"https:\/\/unairodriguez.com\/wp-content\/uploads\/2022\/08\/BPM-cuadrado-web.jpg\" data-srcset=\"https:\/\/unairodriguez.com\/wp-content\/uploads\/2022\/08\/BPM-cuadrado-web.jpg 1080w, https:\/\/unairodriguez.com\/wp-content\/uploads\/2022\/08\/BPM-cuadrado-web-300x300.jpg 300w, https:\/\/unairodriguez.com\/wp-content\/uploads\/2022\/08\/BPM-cuadrado-web-1024x1024.jpg 1024w, https:\/\/unairodriguez.com\/wp-content\/uploads\/2022\/08\/BPM-cuadrado-web-150x150.jpg 150w, https:\/\/unairodriguez.com\/wp-content\/uploads\/2022\/08\/BPM-cuadrado-web-768x768.jpg 768w, https:\/\/unairodriguez.com\/wp-content\/uploads\/2022\/08\/BPM-cuadrado-web-12x12.jpg 12w, https:\/\/unairodriguez.com\/wp-content\/uploads\/2022\/08\/BPM-cuadrado-web-585x585.jpg 585w, https:\/\/unairodriguez.com\/wp-content\/uploads\/2022\/08\/BPM-cuadrado-web-100x100.jpg 100w\" data-sizes=\"(max-width: 1080px) 100vw, 1080px\" \/><\/a><\/div><\/div><\/div><\/div><\/div><\/div><\/div><\/div><\/div><\/div><\/div><\/div><div class=\"dima-section-cover background-image-holder dima-color-mask-69e4495d94a3f cover-at-back w-screen\"><\/div><style id=\"dima-shortcode-style-69e4495d94a3f\" type=\"text\/css\">.page-section-69e4495d94a3f .dima-color-mask-69e4495d94a3f{background:#93b0c1;background:-moz-linear-gradient(-45deg,#93b0c1 0,#1e73be 100%);background:-webkit-gradient(linear,left top,right bottom,color-stop(0,#93b0c1),color-stop(100%,#1e73be));background:-webkit-linear-gradient(-45deg,#93b0c1 0,#1e73be 100%);background:-o-linear-gradient(-45deg,#93b0c1 0,#1e73be 100%);background:-ms-linear-gradient(-45deg,#93b0c1 0,#1e73be 100%);background:linear-gradient(135deg,#93b0c1 0,#1e73be 100%);opacity:0.8}<\/style><\/div><div  class=\"page-section-content section page-section-69e4495d959e7\"  ><div class=\"container page-section\"><div class=\"ok-row\"><div  class=\"ok-xsd-12 page-section-69e4495d95a51   ok-md-8\"   ><div class=\"page-section\" ><div class=\"dimacoltable page-section\"><div class=\"dimacell\"><h2 style=\"text-align: left;font-family:Source Sans Pro;font-weight:600;font-style:normal\" class=\"vc_custom_heading\" >Talleres y seminarios de formaci\u00f3n para escuelas de m\u00fasica, conservatorios y universidades.<\/h2>\n\t<div class=\"wpb_content_element\" >\n\t\t<div class=\"wpb_wrapper\">\n\t\t\t<p>Talleres centrados en uno o varios contenidos espec\u00edficos extra\u00eddos de \u00abBienestar en la pr\u00e1ctica musical\u00bb como pueden ser.<\/p>\n<ul>\n<li>Eficiencia en el estudio.<\/li>\n<li>Dise\u00f1o de un plan t\u00e9cnico a medida.<\/li>\n<li>Estado de flow.<\/li>\n<li>Indagaci\u00f3n en el prop\u00f3sito y sentido de la actividad musical.<\/li>\n<li>La atenci\u00f3n plena en diferentes contextos relacionados con la m\u00fasica.<\/li>\n<\/ul>\n\n\t\t<\/div> \n\t<\/div> <\/div><\/div><\/div><\/div><div  class=\"ok-xsd-12 page-section-69e4495d95bf0   ok-md-4\"   ><div class=\"page-section\" ><div class=\"dimacoltable page-section\"><div class=\"dimacell\"><div  class=\"dima-img column-item overflow-hidden\"       ><img decoding=\"async\" width=\"500\" height=\"500\" src=\"https:\/\/unairodriguez.com\/wp-content\/uploads\/2022\/08\/Talleres-y-formacion-100x100.png\" class=\"dima_image-img dima-image attachment-full lazyload js-lazy-image\" alt=\"\" data-src=\"https:\/\/unairodriguez.com\/wp-content\/uploads\/2022\/08\/Talleres-y-formacion.png\" data-srcset=\"https:\/\/unairodriguez.com\/wp-content\/uploads\/2022\/08\/Talleres-y-formacion.png 500w, https:\/\/unairodriguez.com\/wp-content\/uploads\/2022\/08\/Talleres-y-formacion-300x300.png 300w, https:\/\/unairodriguez.com\/wp-content\/uploads\/2022\/08\/Talleres-y-formacion-150x150.png 150w, https:\/\/unairodriguez.com\/wp-content\/uploads\/2022\/08\/Talleres-y-formacion-12x12.png 12w, https:\/\/unairodriguez.com\/wp-content\/uploads\/2022\/08\/Talleres-y-formacion-100x100.png 100w\" data-sizes=\"(max-width: 500px) 100vw, 500px\" \/><\/div><div  class=\"dima-spacer-module\"  data-units=\"px\" data-all_size=\"150\" data-xld_resolution=\"1600\" data-xld_size=\"20\" data-ld_resolution=\"1400\" data-ld_size=\"20\" data-md_resolution=\"1170\" data-md_size=\"15\" data-sd_resolution=\"969\" data-sd_size=\"10\" data-xsd_resolution=\"480\" data-xsd_size=\"10\" style=\"height: 150px;\"><\/div><a   href=\"https:\/\/unairodriguez.com\/en\/contacto\/\"  class=\"dima-button dima-waves fill dima-btn-small float-center dima-btn-rounded\"      >Solicita una entrevista<\/a><\/div><\/div><\/div><\/div><\/div><\/div><\/div><section class=\"vc_section\"><div  class=\"page-section-content section page-section-69e4495d963a5\"  ><div class=\"page-section\"><div class=\"ok-row\"><div  class=\"ok-xsd-12 page-section-69e4495d96442   ok-md-6\"   ><div class=\"page-section\" ><div class=\"dimacoltable page-section\"><div class=\"dimacell\"><h2 style=\"text-align: left;font-family:Source Sans Pro;font-weight:300;font-style:normal\" class=\"vc_custom_heading\" >D\u00e9jame tu email y te avisar\u00e9 cuando haga nuevas actividades o publicaciones.<\/h2><\/div><\/div><\/div><\/div><div  class=\"ok-xsd-12 page-section-69e4495d9654d   ok-md-6\"   ><div class=\"page-section\" ><div class=\"dimacoltable page-section\"><div class=\"dimacell\">\n\t<div class=\"wpb_raw_code wpb_content_element wpb_raw_html\" >\n\t\t<div class=\"wpb_wrapper\">\n\t\t\t<script charset=\"utf-8\" type=\"text\/javascript\" src=\"\/\/js-eu1.hsforms.net\/forms\/v2.js?pre=1\"><\/script>\n<script>\n  hbspt.forms.create({\n    region: \"eu1\",\n    portalId: \"26203925\",\n    formId: \"d396aeac-605b-4cf5-827d-a13c3f8a6a31\"\n  });\n<\/script>\n\t\t<\/div>\n\t<\/div>\n<\/div><\/div><\/div><\/div><\/div><\/div><div class=\"dima-section-cover background-image-holder dima-color-mask-69e4495d963a5 cover-at-back\"><\/div><style id=\"dima-shortcode-style-69e4495d963a5\" type=\"text\/css\">.page-section-69e4495d963a5 .dima-color-mask-69e4495d963a5{background:#ddbd89;background:-moz-linear-gradient(-45deg,#ddbd89 0,#dd9323 100%);background:-webkit-gradient(linear,left top,right bottom,color-stop(0,#ddbd89),color-stop(100%,#dd9323));background:-webkit-linear-gradient(-45deg,#ddbd89 0,#dd9323 100%);background:-o-linear-gradient(-45deg,#ddbd89 0,#dd9323 100%);background:-ms-linear-gradient(-45deg,#ddbd89 0,#dd9323 100%);background:linear-gradient(135deg,#ddbd89 0,#dd9323 100%);opacity:0.6}<\/style><\/div><\/section>","protected":false},"excerpt":{"rendered":"Unai Rodr\u00edguez \u00b7 Sonidos del Alma Subscr\u00edbete en Patreon para seguir mi proceso creativo y escuchar las nuevas grabaciones antes de ser publicadas. Cursos de iniciaci\u00f3n, nivel intermedio y avanzado.Talleres y seminarios de formaci\u00f3n para escuelas de m\u00fasica, conservatorios y universidades. Talleres centrados en uno o varios contenidos espec\u00edficos extra\u00eddos de \"Bienestar en la pr\u00e1ctica [...]","protected":false},"author":1,"featured_media":0,"parent":0,"menu_order":0,"comment_status":"closed","ping_status":"closed","template":"","meta":{"content-type":"","om_disable_all_campaigns":false,"_monsterinsights_skip_tracking":false,"_monsterinsights_sitenote_active":false,"_monsterinsights_sitenote_note":"","_monsterinsights_sitenote_category":0,"_themeisle_gutenberg_block_has_review":false,"footnotes":""},"class_list":["post-7783","page","type-page","status-publish","hentry"],"aioseo_notices":[],"jetpack_sharing_enabled":true,"amp_enabled":false,"_links":{"self":[{"href":"https:\/\/unairodriguez.com\/en\/wp-json\/wp\/v2\/pages\/7783","targetHints":{"allow":["GET"]}}],"collection":[{"href":"https:\/\/unairodriguez.com\/en\/wp-json\/wp\/v2\/pages"}],"about":[{"href":"https:\/\/unairodriguez.com\/en\/wp-json\/wp\/v2\/types\/page"}],"author":[{"embeddable":true,"href":"https:\/\/unairodriguez.com\/en\/wp-json\/wp\/v2\/users\/1"}],"replies":[{"embeddable":true,"href":"https:\/\/unairodriguez.com\/en\/wp-json\/wp\/v2\/comments?post=7783"}],"version-history":[{"count":0,"href":"https:\/\/unairodriguez.com\/en\/wp-json\/wp\/v2\/pages\/7783\/revisions"}],"wp:attachment":[{"href":"https:\/\/unairodriguez.com\/en\/wp-json\/wp\/v2\/media?parent=7783"}],"curies":[{"name":"wp","href":"https:\/\/api.w.org\/{rel}","templated":true}]}}