{"id":7657,"date":"2022-08-29T20:49:54","date_gmt":"2022-08-29T20:49:54","guid":{"rendered":"https:\/\/unairodriguez.com\/?page_id=7657"},"modified":"2023-02-17T23:11:20","modified_gmt":"2023-02-17T23:11:20","slug":"incubadora","status":"publish","type":"page","link":"https:\/\/unairodriguez.com\/en\/formacion\/incubadora\/","title":{"rendered":""},"content":{"rendered":"<div  class=\"page-section-content section page-section-69e47c0a01bfc\"  ><div class=\"container page-section\"><div class=\"ok-row items-center flex flex-wrap\"><div  class=\"ok-xsd-12 page-section-69e47c0a01cc1   ok-md-12\"   ><div class=\"page-section\" ><div class=\"dimacoltable page-section\"><div class=\"dimacell\"><div  class=\"dima-img rounded text-center column-item overflow-hidden\"       ><img decoding=\"async\" class=\"dima_image-img dima-image\" src=\"https:\/\/unairodriguez.com\/wp-content\/uploads\/2022\/12\/2.png\" width=\"1920\" height=\"1080\" alt=\"alt=&quot;&quot;\" title=\"2\" \/><\/div>\n\t<div class=\"wpb_content_element\" >\n\t\t<div class=\"wpb_wrapper\">\n\t\t\t\n\t\t<\/div> \n\t<\/div> \n\t<div class=\"wpb_content_element\" >\n\t\t<div class=\"wpb_wrapper\">\n\t\t\t<h3>La Incubadora de Canciones ya tiene su propia web!<\/h3>\n<h3>Vis\u00edtala aqu\u00ed:<\/h3>\n<h3><a href=\"https:\/\/incubadoradecanciones.com\">https:\/\/incubadoradecanciones.com<\/a><\/h3>\n\n\t\t<\/div> \n\t<\/div> <\/div><\/div><\/div><\/div><\/div><\/div><\/div><div  class=\"no-padding-section page-section-content section page-section-69e47c0a02273\"  ><div class=\"container page-section\"><div class=\"ok-row items-start flex flex-wrap\"><div  class=\"ok-xsd-12 page-section-69e47c0a02313   ok-md-12\"   ><div class=\"page-section\" ><div class=\"dimacoltable page-section\"><div class=\"dimacell\">\n\t<div class=\"wpb_content_element\" >\n\t\t<div class=\"wpb_wrapper\">\n\t\t\t<p class=\"has-medium-font-size\">Si te gustar\u00eda ser capaz de crear tus propias canciones, pero lo sientes como una fantas\u00eda fuera de tu alcance, o quiz\u00e1 ya has hecho tus primeros intentos pero te faltan herramientas, tengo buenas noticias para ti: \u201cLa Incubadora de Canciones\u201c es\u00a0 un curso dise\u00f1ado a tu medida.<\/p>\n<p class=\"has-medium-font-size\">A lo largo de mis mas de 20 a\u00f1os de experiencia como profesor de m\u00fasica he acompa\u00f1ado a much\u00edsimas personas a dar este salto y adentrarse en el universo de la creaci\u00f3n musical. Una vez que alguien sabe tocar algunos acordes de acompa\u00f1amiento, por muy sencillos que sean, siempre pregunto \u201c\u00bfTe gustar\u00eda crear una canci\u00f3n?\u201d Y la primera respuesta suele ser una mirada ojipl\u00e1tica. \u201cPero eso es muy dif\u00edcil\u2026\u201d me dicen. Yo siempre me sonr\u00edo, porque s\u00e9 con absoluta certeza que, si tienes las ganas, en muy poco tiempo habr\u00e1s creado tu primera canci\u00f3n, e insisto \u201c\u00bfPero te gustar\u00eda?\u201d. Si la respuesta es s\u00ed, nos ponemos manos a la obra. Para mi esta es una de las experiencias mas gratificantes de mi labor docente: Acompa\u00f1ar a las personas en el descubrimiento de sus capacidades de creaci\u00f3n musical.<\/p>\n\n\t\t<\/div> \n\t<\/div> <ul  class=\"dima-accordion acc-default\" data-animate=\"transition.slideUpIn\" data-delay=\"70\" data-offset=\"98%\" data-dima-animate-item=\".dima-accordion-group\" ><li  class=\"panel dima-accordion-group\" ><div class=\"dima-accordion-header\"><a class=\"dima-accordion-toggle collapsed\" data-toggle=\"collapse\"  href=\"#collapse-1\"><span class=\"dima-accordion-title\">Qu\u00e9 te va a aportar este curso:<\/span><\/a><\/div><div id=\"collapse-1\" class=\"dima-accordion-content collapse\"><div class=\"dima-accordion-inner\"><ul class=\"has-medium-font-size\">\n<li>Un entorno donde descubrir y disfrutar el proceso creativo.<\/li>\n<li><strong>Conexi\u00f3n interna desde donde desarrollar tu creaci\u00f3n.<\/strong><\/li>\n<li>Conocimientos de armon\u00eda para confeccionar tus propias secuencias de acordes.<\/li>\n<li>Entrenamiento auditivo para ser capaz de identificar las notas principales de la melod\u00eda que crees con tu voz.<\/li>\n<li>T\u00e9cnicas de aprendizaje eficiente para mejorar tus acompa\u00f1amientos con la guitarra o el piano y mejorar la coordinaci\u00f3n entre el acompa\u00f1amiento y la voz.<\/li>\n<li>Nociones b\u00e1sicas de improvisaci\u00f3n, para conectar con el juego, la espontaneidad y la creatividad en la m\u00fasica<\/li>\n<li>An\u00e1lisis de tus canciones preferidas a nivel arm\u00f3nico, estructural y de estilo en el lenguaje.<\/li>\n<li>La capacidad de compartir de una manera ordenada la informaci\u00f3n musical con otros m\u00fasicos: Para que te acompa\u00f1en, para que otros puedan interpretar tu creaci\u00f3n, para crear un grupo de m\u00fasica\u2026<\/li>\n<li>La capacidad de interpretar tus propias canciones en p\u00fablico.<\/li>\n<\/ul>\n<p class=\"has-medium-font-size\">Y todo esto junto a otras personas creadoras como t\u00fa. Se trabajar\u00e1 para incentivar sinergias entre los participantes y que la cohesi\u00f3n del grupo sirva como sost\u00e9n e impulso para los procesos de aprendizaje y autodescubrimiento individuales.<\/p>\n<\/div><\/div><\/li><\/ul><ul  class=\"dima-accordion acc-default\" data-animate=\"transition.slideUpIn\" data-delay=\"70\" data-offset=\"98%\" data-dima-animate-item=\".dima-accordion-group\" ><li  class=\"panel dima-accordion-group\" ><div class=\"dima-accordion-header\"><a class=\"dima-accordion-toggle collapsed\" data-toggle=\"collapse\"  href=\"#collapse-2\"><span class=\"dima-accordion-title\">A qui\u00e9n va dirigido:<\/span><\/a><\/div><div id=\"collapse-2\" class=\"dima-accordion-content collapse\"><div class=\"dima-accordion-inner\"><ul>\n<li>Principiantes capaces de tocar algunos acordes sencillos en la guitarra o el piano\/teclado.<\/li>\n<li>Personas que tengan un nivel medio con el instrumento y que deseen iniciarse en la creaci\u00f3n de canciones.<\/li>\n<li>Bajistas, percusionistas, cantantes y otros instrumentistas que quieran iniciarse en la creaci\u00f3n canciones utilizando la guitarra o el piano como soporte arm\u00f3nico.<\/li>\n<li>No es necesario tener conocimientos previos de armon\u00eda, ni lectura musical. <strong>El \u00fanico requisito realmente imprescindible es que tengas ganas de explorar tus capacidades de creaci\u00f3n musical.<\/strong><\/li>\n<\/ul>\n<\/div><\/div><\/li><\/ul><ul  class=\"dima-accordion acc-default\" data-animate=\"transition.slideUpIn\" data-delay=\"70\" data-offset=\"98%\" data-dima-animate-item=\".dima-accordion-group\" ><li  class=\"panel dima-accordion-group\" ><div class=\"dima-accordion-header\"><a class=\"dima-accordion-toggle collapsed\" data-toggle=\"collapse\"  href=\"#collapse-3\"><span class=\"dima-accordion-title\">\u00bfD\u00f3nde y cu\u00e1ndo?<\/span><\/a><\/div><div id=\"collapse-3\" class=\"dima-accordion-content collapse\"><div class=\"dima-accordion-inner\"><p><strong>Lugares: <\/strong><\/p>\n<ul>\n<li>Sant Cugat: <strong>Estudi de Cant Marina BBface<\/strong>, C\/ Sant Mart\u00ed 26, Sant Cugat del Vall\u00e9s.<\/li>\n<li>Barcelona: Escuela de m\u00fasica <strong>Ars Viva<\/strong>, C\/V\u00eda Augusta 108, Barcelona.<\/li>\n<\/ul>\n<p><strong>Duraci\u00f3n:<\/strong> 30 horas lectivas repartidas en 20 sesiones de 1,5h<\/p>\n<p class=\"has-medium-font-size\"><strong>Horario<\/strong>:<\/p>\n<ul class=\"has-medium-font-size\">\n<li>Una sesi\u00f3n semanal de 90 minutos.<\/li>\n<li>Sant Cugat:\u00a0 Comienzo octubre 2023<\/li>\n<li>Barcelona: Comienzo octubre 2023<\/li>\n<\/ul>\n<\/div><\/div><\/li><\/ul><ul  class=\"dima-accordion acc-default\" data-animate=\"transition.slideUpIn\" data-delay=\"70\" data-offset=\"98%\" data-dima-animate-item=\".dima-accordion-group\" ><li  class=\"panel dima-accordion-group\" ><div class=\"dima-accordion-header\"><a class=\"dima-accordion-toggle collapsed\" data-toggle=\"collapse\"  href=\"#collapse-4\"><span class=\"dima-accordion-title\">Inscripci\u00f3n<\/span><\/a><\/div><div id=\"collapse-4\" class=\"dima-accordion-content collapse\"><div class=\"dima-accordion-inner\"><p><strong>En este momento las inscripciones est\u00e1n cerradas. Ap\u00fantate a la lista de espera para recibir un aviso en cuanto se abran las inscripciones de la pr\u00f3xima edici\u00f3n. Escr\u00edbeme a: <a href=\"mailto:incubadora@unairodriguez.com\">incubadora@unairodriguez.com<\/a><\/strong><\/p>\n<p>&nbsp;<\/p>\n<ul>\n<li><strong>Valor<\/strong>:<strong> 620\u20ac<\/strong><\/li>\n<\/ul>\n<p><em>Posibilidad de pago fraccionado con un 10% de inter\u00e9s.<\/em><\/p>\n<ul>\n<li><strong>Reserva de plaza 150\u20ac <\/strong>(Se descuenta del valor total)\n<ul>\n<li>Ponte en contacto para los detalles del pago. <a href=\"mailto:incubadora@unairodriguez.com\">incubadora@unairodriguez.com<\/a><\/li>\n<\/ul>\n<\/li>\n<\/ul>\n<p>Grupos reducidos para garantizar una asistencia personalizada y adaptada al ritmo y necesidades de cada participante en su proceso de aprendizaje y creaci\u00f3n.<\/p>\n<ul>\n<li><strong>Entrevista:<\/strong> Si lo deseas puedes concertar una entrevista conmigo para que nos conozcamos, despejar cualquier duda que te pueda surgir y para entre los dos evaluemos si este curso es lo mejor para ti en este momento. Puedes reservar hora para la entrevista en el siguiente calendario o <a href=\"https:\/\/unairodriguez.com\/en\/contacto\/\">enviarme un mensaje.<\/a><br \/>\n<!-- Principio del widget integrado de Calendly --><\/li>\n<\/ul>\n<div class=\"calendly-inline-widget\" style=\"min-width: 320px; height: 630px;\" data-url=\"https:\/\/calendly.com\/unairodriguez\/entrevista?hide_gdpr_banner=1\"><\/div>\n<p><script type=\"text\/javascript\" src=\"https:\/\/assets.calendly.com\/assets\/external\/widget.js\" async><\/script><br \/>\n<!-- Final del widget integrado de Calendly --><\/p>\n<\/div><\/div><\/li><\/ul><div  class=\"section page-section-69e47c0a02795\" ><div class=\"no-padding-section page-section-content\"  ><div class=\"page-section\"><div class=\"ok-row\"><div  class=\"ok-sd-6 ok-xsd-12 ok-md-12\" style=\"\" ><\/div><\/div><\/div><\/div><\/div><\/div><\/div><\/div><\/div><\/div><\/div><\/div><div  class=\"no-padding-section page-section-content section page-section-69e47c0a02a68\"  ><div class=\"container page-section\"><div class=\"ok-row\"><div  class=\"ok-xsd-12 page-section-69e47c0a02abf   ok-md-6\"   ><div class=\"page-section\" ><div class=\"dimacoltable page-section\"><div class=\"dimacell\">\n\t<div class=\"wpb_content_element\" >\n\t\t<div class=\"wpb_wrapper\">\n\t\t\t<h4><strong>Ubicaci\u00f3n en Sant Cugat<\/strong><\/h4>\n\n\t\t<\/div> \n\t<\/div> \n\t<div class=\"wpb_raw_code wpb_content_element wpb_raw_html\" >\n\t\t<div class=\"wpb_wrapper\">\n\t\t\t<iframe src=\"https:\/\/www.google.com\/maps\/embed?pb=!1m18!1m12!1m3!1d2989.354188982949!2d2.078434915521097!3d41.47492039852692!2m3!1f0!2f0!3f0!3m2!1i1024!2i768!4f13.1!3m3!1m2!1s0x12a4973116c427df%3A0x24609a8dbf2a7fea!2sEstudi%20de%20Cant%20Marina%20BBface!5e0!3m2!1ses!2ses!4v1671483906529!5m2!1ses!2ses\" width=\"600\" height=\"450\" style=\"border:0;\" allowfullscreen=\"\" loading=\"lazy\" referrerpolicy=\"no-referrer-when-downgrade\"><\/iframe>\n\t\t<\/div>\n\t<\/div>\n<\/div><\/div><\/div><\/div><div  class=\"ok-xsd-12 page-section-69e47c0a02c0c  text-center ok-md-6\"   ><div class=\"page-section\" ><div class=\"dimacoltable page-section\"><div class=\"dimacell\">\n\t<div class=\"wpb_content_element\" >\n\t\t<div class=\"wpb_wrapper\">\n\t\t\t<h4><strong>Ubicaci\u00f3n en Barcelona<\/strong><\/h4>\n\n\t\t<\/div> \n\t<\/div> \n\t<div class=\"wpb_raw_code wpb_content_element wpb_raw_html\" >\n\t\t<div class=\"wpb_wrapper\">\n\t\t\t<iframe src=\"https:\/\/www.google.com\/maps\/embed?pb=!1m18!1m12!1m3!1d2992.7432585560705!2d2.1465921154466834!3d41.40138170309037!2m3!1f0!2f0!3f0!3m2!1i1024!2i768!4f13.1!3m3!1m2!1s0x12a4a39622877973%3A0x14161e062f71f219!2sars%20viva!5e0!3m2!1ses!2ses!4v1661866505157!5m2!1ses!2ses\" width=\"600\" height=\"450\" style=\"border:0;\" allowfullscreen=\"\" loading=\"lazy\" referrerpolicy=\"no-referrer-when-downgrade\"><\/iframe>\n\t\t<\/div>\n\t<\/div>\n<\/div><\/div><\/div><\/div><\/div><\/div><\/div>","protected":false},"excerpt":{"rendered":"La Incubadora de Canciones ya tiene su propia web! Vis\u00edtala aqu\u00ed: https:\/\/incubadoradecanciones.com Si te gustar\u00eda ser capaz de crear tus propias canciones, pero lo sientes como una fantas\u00eda fuera de tu alcance, o quiz\u00e1 ya has hecho tus primeros intentos pero te faltan herramientas, tengo buenas noticias para ti: \u201cLa Incubadora de Canciones\u201c es\u00a0 un [...]","protected":false},"author":1,"featured_media":0,"parent":7311,"menu_order":0,"comment_status":"closed","ping_status":"closed","template":"","meta":{"content-type":"","om_disable_all_campaigns":false,"_monsterinsights_skip_tracking":false,"_monsterinsights_sitenote_active":false,"_monsterinsights_sitenote_note":"","_monsterinsights_sitenote_category":0,"_themeisle_gutenberg_block_has_review":false,"footnotes":""},"class_list":["post-7657","page","type-page","status-publish","hentry"],"aioseo_notices":[],"jetpack_sharing_enabled":true,"amp_enabled":true,"_links":{"self":[{"href":"https:\/\/unairodriguez.com\/en\/wp-json\/wp\/v2\/pages\/7657","targetHints":{"allow":["GET"]}}],"collection":[{"href":"https:\/\/unairodriguez.com\/en\/wp-json\/wp\/v2\/pages"}],"about":[{"href":"https:\/\/unairodriguez.com\/en\/wp-json\/wp\/v2\/types\/page"}],"author":[{"embeddable":true,"href":"https:\/\/unairodriguez.com\/en\/wp-json\/wp\/v2\/users\/1"}],"replies":[{"embeddable":true,"href":"https:\/\/unairodriguez.com\/en\/wp-json\/wp\/v2\/comments?post=7657"}],"version-history":[{"count":0,"href":"https:\/\/unairodriguez.com\/en\/wp-json\/wp\/v2\/pages\/7657\/revisions"}],"up":[{"embeddable":true,"href":"https:\/\/unairodriguez.com\/en\/wp-json\/wp\/v2\/pages\/7311"}],"wp:attachment":[{"href":"https:\/\/unairodriguez.com\/en\/wp-json\/wp\/v2\/media?parent=7657"}],"curies":[{"name":"wp","href":"https:\/\/api.w.org\/{rel}","templated":true}]}}