{"id":7347,"date":"2022-08-28T08:48:50","date_gmt":"2022-08-28T08:48:50","guid":{"rendered":"https:\/\/unairodriguez.com\/?page_id=7347"},"modified":"2022-09-01T09:56:39","modified_gmt":"2022-09-01T09:56:39","slug":"conciertos","status":"publish","type":"page","link":"https:\/\/unairodriguez.com\/en\/conciertos\/","title":{"rendered":"Conciertos"},"content":{"rendered":"<div id=\"wp-block-themeisle-blocks-advanced-columns-6ff6f5f7\" class=\"wp-block-themeisle-blocks-advanced-columns has-1-columns has-desktop-equal-layout has-tablet-equal-layout has-mobile-equal-layout has-vertical-unset\"><div class=\"wp-block-themeisle-blocks-advanced-columns-overlay\"><\/div><div class=\"innerblocks-wrap\">\n<div id=\"wp-block-themeisle-blocks-advanced-column-8b8a6d68\" class=\"wp-block-themeisle-blocks-advanced-column\">\n<div id=\"wp-block-themeisle-blocks-accordion-0954a209\" class=\"wp-block-themeisle-blocks-accordion\">\n<details class=\"wp-block-themeisle-blocks-accordion-item\"><summary class=\"wp-block-themeisle-blocks-accordion-item__title\"><div><strong><span class=\"highlight\">Conciertos realizados<\/span><\/strong><\/div><\/summary><div class=\"wp-block-themeisle-blocks-accordion-item__content\">\n<blockquote class=\"wp-block-quote is-layout-flow wp-block-quote-is-layout-flow\"><p>\u2013 26 de octubre 2019 \u2013 Barcelona \u2013 Concierto en ConnectHort<\/p><p>\u2013 18 de octubre 2019 \u2013 Barcelona \u2013 Concierto en Ollin Kaos<\/p><p>\u2013 11 de octubre 2019 \u2013 Sant Cugat del Vall\u00e9s \u2013 Concierto en Espai Ananda<\/p><p>\u2013 &nbsp;26 de mayo 2019 \u2013 Barcelona \u2013 Colaboraci\u00f3n en workshop de Metodo AfroYin&nbsp; en La Caldera<\/p><p>\u2013 9 de diciembre 2018 \u2013 Barcelona \u2013 Colaboraci\u00f3n en el workshop de Metodo AfroYin&nbsp; \u201cLa alquimia de la conexi\u00f3n\u201d en La Caldera<\/p><p>\u2013&nbsp; 26 de septiembre de 2018 \u2013 Gira intrahospitalaria en colaboraci\u00f3n con la asociaci\u00f3n \u201cM\u00fasica en Vena\u201d en el Instituto Oncol\u00f3gico de Catalu\u00f1a<\/p><p>\u2013 4 de junio 2017 \u2013 Barcelona \u2013 Cierre del congreso de voluntariado ViaEncuentro 2017. Con Araitz&nbsp;Bizkai y Joan Mir\u00f3.&nbsp;Petit Palau de la &nbsp;M\u00fasica&nbsp;Catalana.<\/p><p>\u2013 3 junio 2017 \u2013 &nbsp;Barcelona \u2013 Apertura del congreso ViaEncuentro 2017 con la canci\u00f3n oficial creada para la ocasi\u00f3n con&nbsp;Araitz Bizkai y &nbsp;Joan Mir\u00f3. Petit Palau de la M\u00fasica&nbsp;Catalana.<\/p><p>\u2013 11 noviembre 2016 \u2013 Barcelona \u2013 Taller\/concierto \u201cSanando mis relaciones\u201d en La Caldera<\/p><p>\u2013 15 octubre 2016 \u2013 Sant Cugat del Vall\u00e9s \u2013 Sesi\u00f3n de Relajaci\u00f3n + Concierto en Espai Ananda<\/p><p>\u2013 14&nbsp;octubre 2016 \u2013 Sant Cugat del Vall\u00e9s \u2013 Sesi\u00f3n de Relajaci\u00f3n + Concierto en Espai Ananda<\/p><p>\u2013 11 agosto 2016 \u2013 Santa Mar\u00eda de Ol\u00f3 \u2013 Concierto solista en la Fundaci\u00f3n La Plana<\/p><p>\u2013 13 agosto 2016 \u2013&nbsp;Santa Mar\u00eda de Ol\u00f3 \u2013 Artista invitado en el concierto del pianista Ralph Zurm\u00fchle \u2013 Fundaci\u00f3n La Plana<\/p><p>\u2013 19 diciembre 2015 \u2013 Barcelona \u2013 Actuaci\u00f3n privada \u2013 Restaurante Mirab\u00e9<\/p><p>\u2013 7 marzo 2014 \u2013 Barcelona \u2013 Actuaci\u00f3n solista en el centro c\u00edvico La Teixonera<\/p><p>\u2013 20 diciembre 2013 \u2013 Sant Cugat del Vall\u00e9s \u2013 Recital&nbsp;poes\u00eda&nbsp;y musica con Cloty Rubio<\/p><p>\u2013 25 julio 2013 \u2013 Barcelona \u2013 Concierto solista en el centro c\u00edvico Sarria &nbsp;<\/p><p>\u2013 &nbsp;5 mayo 2013 \u2013 Barcelona \u2013 &nbsp;Concierto solista en el Casal de Barri Bace de Roda \u2013 Poblenou &nbsp;<\/p><p>\u2013 17 abril 2013 \u2013 Barcelona \u2013 Concierto solista en Espai30 &nbsp;<\/p><p>\u2013 3 abril 2013 \u2013 Ainsa \u2013 Concierto solista en el hotel Pe\u00f1a Monta\u00f1esa &nbsp;<\/p><p>\u2013 16 marzo 2013 \u2013 Palma de Mallorca<\/p><p>\u2013 Actuaci\u00f3n con \u201cFriends Ensemble\u201d en el Teatre Municipal Xesc Forteza &nbsp;<\/p><p>\u2013 8 marzo 2013 \u2013 Sant Boi de Llobregat &nbsp;\u2013 Concierto solista en la Teter\u00eda Namaste<\/p><p>\u2013 30 noviembre 2012 \u2013 Barcelona \u2013 Concierto solista en el centro c\u00edvico La casa Groga &nbsp;<\/p><p>\u2013 28 julio 2012 \u2013 La Floresta \u2013 Concierto solista en la UREF &nbsp;<\/p><p>\u2013 18 julio 2012 \u2013 Barcelona \u2013 Concierto solista en el centro c\u00edvico Teixonera &nbsp;<\/p><p>\u2013 4 mayo 2011 \u2013 Barcelona \u2013 Concierto solista en las XII Jornadas Culturales de la Facultad de Psicolog\u00edad de la UB. &nbsp;<\/p><p>\u2013 25 abril 2008 \u2013 Mallorca \u2013 Duo de guitarra con araitz Bizkai dentro del ciclo Salud y M\u00fasica organizado por la asocc. Estel del Levant<\/p><\/blockquote>\n<\/div><\/details>\n<\/div>\n<\/div>\n<\/div><\/div>\n\n\n\n<figure class=\"wp-block-gallery has-nested-images columns-default is-cropped wp-block-gallery-1 is-layout-flex wp-block-gallery-is-layout-flex\">\n<figure class=\"wp-block-image size-large\"><img decoding=\"async\" data-id=\"7353\" src=\"data:image\/gif;base64,R0lGODlhAQABAIAAAAAAAP\/\/\/yH5BAEAAAAALAAAAAABAAEAAAIBRAA7\" data-src=\"https:\/\/unairodriguez.com\/wp-content\/uploads\/2022\/08\/Concierto-Peregrinos-1024x768.jpg\" alt=\"\" class=\"wp-image-7353 lazyload\"\/><noscript><img decoding=\"async\" width=\"1024\" height=\"768\" data-id=\"7353\" src=\"https:\/\/unairodriguez.com\/wp-content\/uploads\/2022\/08\/Concierto-Peregrinos-1024x768.jpg\" alt=\"\" class=\"wp-image-7353 lazyload\" srcset=\"https:\/\/unairodriguez.com\/wp-content\/uploads\/2022\/08\/Concierto-Peregrinos-1024x768.jpg 1024w, https:\/\/unairodriguez.com\/wp-content\/uploads\/2022\/08\/Concierto-Peregrinos-300x225.jpg 300w, https:\/\/unairodriguez.com\/wp-content\/uploads\/2022\/08\/Concierto-Peregrinos-768x576.jpg 768w, https:\/\/unairodriguez.com\/wp-content\/uploads\/2022\/08\/Concierto-Peregrinos-16x12.jpg 16w, https:\/\/unairodriguez.com\/wp-content\/uploads\/2022\/08\/Concierto-Peregrinos-585x439.jpg 585w, https:\/\/unairodriguez.com\/wp-content\/uploads\/2022\/08\/Concierto-Peregrinos-1170x878.jpg 1170w, https:\/\/unairodriguez.com\/wp-content\/uploads\/2022\/08\/Concierto-Peregrinos-100x75.jpg 100w, https:\/\/unairodriguez.com\/wp-content\/uploads\/2022\/08\/Concierto-Peregrinos.jpg 1280w\" sizes=\"(max-width: 1024px) 100vw, 1024px\" \/><\/noscript><\/figure>\n\n\n\n<figure class=\"wp-block-image size-large\"><img decoding=\"async\" data-id=\"7354\" src=\"data:image\/gif;base64,R0lGODlhAQABAIAAAAAAAP\/\/\/yH5BAEAAAAALAAAAAABAAEAAAIBRAA7\" data-src=\"https:\/\/unairodriguez.com\/wp-content\/uploads\/2022\/08\/Concierto-Peregrinos-2-1024x768.jpg\" alt=\"\" class=\"wp-image-7354 lazyload\"\/><noscript><img decoding=\"async\" width=\"1024\" height=\"768\" data-id=\"7354\" src=\"https:\/\/unairodriguez.com\/wp-content\/uploads\/2022\/08\/Concierto-Peregrinos-2-1024x768.jpg\" alt=\"\" class=\"wp-image-7354 lazyload\" srcset=\"https:\/\/unairodriguez.com\/wp-content\/uploads\/2022\/08\/Concierto-Peregrinos-2-1024x768.jpg 1024w, https:\/\/unairodriguez.com\/wp-content\/uploads\/2022\/08\/Concierto-Peregrinos-2-300x225.jpg 300w, https:\/\/unairodriguez.com\/wp-content\/uploads\/2022\/08\/Concierto-Peregrinos-2-768x576.jpg 768w, https:\/\/unairodriguez.com\/wp-content\/uploads\/2022\/08\/Concierto-Peregrinos-2-16x12.jpg 16w, https:\/\/unairodriguez.com\/wp-content\/uploads\/2022\/08\/Concierto-Peregrinos-2-585x439.jpg 585w, https:\/\/unairodriguez.com\/wp-content\/uploads\/2022\/08\/Concierto-Peregrinos-2-1170x878.jpg 1170w, https:\/\/unairodriguez.com\/wp-content\/uploads\/2022\/08\/Concierto-Peregrinos-2-100x75.jpg 100w, https:\/\/unairodriguez.com\/wp-content\/uploads\/2022\/08\/Concierto-Peregrinos-2.jpg 1280w\" sizes=\"(max-width: 1024px) 100vw, 1024px\" \/><\/noscript><\/figure>\n\n\n\n<figure class=\"wp-block-image size-large\"><img decoding=\"async\" data-id=\"7348\" src=\"data:image\/gif;base64,R0lGODlhAQABAIAAAAAAAP\/\/\/yH5BAEAAAAALAAAAAABAAEAAAIBRAA7\" data-src=\"https:\/\/unairodriguez.com\/wp-content\/uploads\/2022\/08\/WhatsApp-Image-2018-12-09-at-23.18.50-la-caldera-768x1024.jpeg\" alt=\"\" class=\"wp-image-7348 lazyload\"\/><noscript><img decoding=\"async\" width=\"768\" height=\"1024\" data-id=\"7348\" src=\"https:\/\/unairodriguez.com\/wp-content\/uploads\/2022\/08\/WhatsApp-Image-2018-12-09-at-23.18.50-la-caldera-768x1024.jpeg\" alt=\"\" class=\"wp-image-7348 lazyload\" srcset=\"https:\/\/unairodriguez.com\/wp-content\/uploads\/2022\/08\/WhatsApp-Image-2018-12-09-at-23.18.50-la-caldera-768x1024.jpeg 768w, https:\/\/unairodriguez.com\/wp-content\/uploads\/2022\/08\/WhatsApp-Image-2018-12-09-at-23.18.50-la-caldera-225x300.jpeg 225w, https:\/\/unairodriguez.com\/wp-content\/uploads\/2022\/08\/WhatsApp-Image-2018-12-09-at-23.18.50-la-caldera-1152x1536.jpeg 1152w, https:\/\/unairodriguez.com\/wp-content\/uploads\/2022\/08\/WhatsApp-Image-2018-12-09-at-23.18.50-la-caldera-9x12.jpeg 9w, https:\/\/unairodriguez.com\/wp-content\/uploads\/2022\/08\/WhatsApp-Image-2018-12-09-at-23.18.50-la-caldera-585x780.jpeg 585w, https:\/\/unairodriguez.com\/wp-content\/uploads\/2022\/08\/WhatsApp-Image-2018-12-09-at-23.18.50-la-caldera-1170x1560.jpeg 1170w, https:\/\/unairodriguez.com\/wp-content\/uploads\/2022\/08\/WhatsApp-Image-2018-12-09-at-23.18.50-la-caldera-100x133.jpeg 100w, https:\/\/unairodriguez.com\/wp-content\/uploads\/2022\/08\/WhatsApp-Image-2018-12-09-at-23.18.50-la-caldera.jpeg 1200w\" sizes=\"(max-width: 768px) 100vw, 768px\" \/><\/noscript><\/figure>\n\n\n\n<figure class=\"wp-block-image size-large\"><img decoding=\"async\" data-id=\"7350\" src=\"data:image\/gif;base64,R0lGODlhAQABAIAAAAAAAP\/\/\/yH5BAEAAAAALAAAAAABAAEAAAIBRAA7\" data-src=\"https:\/\/unairodriguez.com\/wp-content\/uploads\/2022\/08\/p1050865-e1530981143293-La-Plana-2-1024x778.jpg\" alt=\"\" class=\"wp-image-7350 lazyload\"\/><noscript><img decoding=\"async\" width=\"1024\" height=\"778\" data-id=\"7350\" src=\"https:\/\/unairodriguez.com\/wp-content\/uploads\/2022\/08\/p1050865-e1530981143293-La-Plana-2-1024x778.jpg\" alt=\"\" class=\"wp-image-7350 lazyload\" srcset=\"https:\/\/unairodriguez.com\/wp-content\/uploads\/2022\/08\/p1050865-e1530981143293-La-Plana-2-1024x778.jpg 1024w, https:\/\/unairodriguez.com\/wp-content\/uploads\/2022\/08\/p1050865-e1530981143293-La-Plana-2-300x228.jpg 300w, https:\/\/unairodriguez.com\/wp-content\/uploads\/2022\/08\/p1050865-e1530981143293-La-Plana-2-768x583.jpg 768w, https:\/\/unairodriguez.com\/wp-content\/uploads\/2022\/08\/p1050865-e1530981143293-La-Plana-2-1536x1166.jpg 1536w, https:\/\/unairodriguez.com\/wp-content\/uploads\/2022\/08\/p1050865-e1530981143293-La-Plana-2-16x12.jpg 16w, https:\/\/unairodriguez.com\/wp-content\/uploads\/2022\/08\/p1050865-e1530981143293-La-Plana-2-585x444.jpg 585w, https:\/\/unairodriguez.com\/wp-content\/uploads\/2022\/08\/p1050865-e1530981143293-La-Plana-2-1170x888.jpg 1170w, https:\/\/unairodriguez.com\/wp-content\/uploads\/2022\/08\/p1050865-e1530981143293-La-Plana-2-100x76.jpg 100w, https:\/\/unairodriguez.com\/wp-content\/uploads\/2022\/08\/p1050865-e1530981143293-La-Plana-2.jpg 2048w\" sizes=\"(max-width: 1024px) 100vw, 1024px\" \/><\/noscript><\/figure>\n\n\n\n<figure class=\"wp-block-image size-large\"><img decoding=\"async\" data-id=\"7352\" src=\"data:image\/gif;base64,R0lGODlhAQABAIAAAAAAAP\/\/\/yH5BAEAAAAALAAAAAABAAEAAAIBRAA7\" data-src=\"https:\/\/unairodriguez.com\/wp-content\/uploads\/2022\/08\/thumb_p1060117_1024-La-Plana.jpg\" alt=\"\" class=\"wp-image-7352 lazyload\"\/><noscript><img decoding=\"async\" width=\"684\" height=\"642\" data-id=\"7352\" src=\"https:\/\/unairodriguez.com\/wp-content\/uploads\/2022\/08\/thumb_p1060117_1024-La-Plana.jpg\" alt=\"\" class=\"wp-image-7352 lazyload\" srcset=\"https:\/\/unairodriguez.com\/wp-content\/uploads\/2022\/08\/thumb_p1060117_1024-La-Plana.jpg 684w, https:\/\/unairodriguez.com\/wp-content\/uploads\/2022\/08\/thumb_p1060117_1024-La-Plana-300x282.jpg 300w, https:\/\/unairodriguez.com\/wp-content\/uploads\/2022\/08\/thumb_p1060117_1024-La-Plana-13x12.jpg 13w, https:\/\/unairodriguez.com\/wp-content\/uploads\/2022\/08\/thumb_p1060117_1024-La-Plana-585x549.jpg 585w, https:\/\/unairodriguez.com\/wp-content\/uploads\/2022\/08\/thumb_p1060117_1024-La-Plana-100x94.jpg 100w\" sizes=\"(max-width: 684px) 100vw, 684px\" \/><\/noscript><\/figure>\n<\/figure>","protected":false},"excerpt":{"rendered":"Conciertos realizados \u2013 26 de octubre 2019 \u2013 Barcelona \u2013 Concierto en ConnectHort\u2013 18 de octubre 2019 \u2013 Barcelona \u2013 Concierto en Ollin Kaos\u2013 11 de octubre 2019 \u2013 Sant Cugat del Vall\u00e9s \u2013 Concierto en Espai Ananda\u2013 &nbsp;26 de mayo 2019 \u2013 Barcelona \u2013 Colaboraci\u00f3n en workshop de Metodo AfroYin&nbsp; en La Caldera\u2013 9 [...]","protected":false},"author":1,"featured_media":0,"parent":0,"menu_order":0,"comment_status":"closed","ping_status":"closed","template":"","meta":{"content-type":"","om_disable_all_campaigns":false,"_monsterinsights_skip_tracking":false,"_monsterinsights_sitenote_active":false,"_monsterinsights_sitenote_note":"","_monsterinsights_sitenote_category":0,"_themeisle_gutenberg_block_has_review":false,"footnotes":""},"class_list":["post-7347","page","type-page","status-publish","hentry"],"aioseo_notices":[],"jetpack_sharing_enabled":true,"amp_enabled":true,"_links":{"self":[{"href":"https:\/\/unairodriguez.com\/en\/wp-json\/wp\/v2\/pages\/7347","targetHints":{"allow":["GET"]}}],"collection":[{"href":"https:\/\/unairodriguez.com\/en\/wp-json\/wp\/v2\/pages"}],"about":[{"href":"https:\/\/unairodriguez.com\/en\/wp-json\/wp\/v2\/types\/page"}],"author":[{"embeddable":true,"href":"https:\/\/unairodriguez.com\/en\/wp-json\/wp\/v2\/users\/1"}],"replies":[{"embeddable":true,"href":"https:\/\/unairodriguez.com\/en\/wp-json\/wp\/v2\/comments?post=7347"}],"version-history":[{"count":0,"href":"https:\/\/unairodriguez.com\/en\/wp-json\/wp\/v2\/pages\/7347\/revisions"}],"wp:attachment":[{"href":"https:\/\/unairodriguez.com\/en\/wp-json\/wp\/v2\/media?parent=7347"}],"curies":[{"name":"wp","href":"https:\/\/api.w.org\/{rel}","templated":true}]}}