{"id":7324,"date":"2022-08-27T16:54:34","date_gmt":"2022-08-27T16:54:34","guid":{"rendered":"https:\/\/unairodriguez.com\/?page_id=7324"},"modified":"2022-12-19T17:46:39","modified_gmt":"2022-12-19T17:46:39","slug":"coaching","status":"publish","type":"page","link":"https:\/\/unairodriguez.com\/en\/coaching\/","title":{"rendered":"Sesiones individuales"},"content":{"rendered":"<div  class=\"page-section-content section page-section-69e463679a6f6\"  ><div class=\"container page-section\"><div class=\"ok-row\"><div  class=\"ok-xsd-12 page-section-69e463679a7c2   ok-md-6\"   ><div class=\"page-section\" ><div class=\"dimacoltable page-section\"><div class=\"dimacell\"><div  class=\"dima-img rounded column-item overflow-hidden\"       ><img decoding=\"async\" class=\"dima_image-img dima-image\" src=\"https:\/\/unairodriguez.com\/wp-content\/uploads\/2022\/08\/Unai-camisa-roja-cuadrada-2.png\" width=\"500\" height=\"500\" alt=\"alt=&quot;&quot;\" title=\"Unai camisa roja - cuadrada 2\" \/><\/div><\/div><\/div><\/div><\/div><div  class=\"ok-xsd-12 page-section-69e463679ac25   ok-md-6\"   ><div class=\"page-section\" ><div class=\"dimacoltable page-section\"><div class=\"dimacell\">\n\t<div class=\"wpb_content_element\" >\n\t\t<div class=\"wpb_wrapper\">\n\t\t\t<p>Las sesiones individuales de acompa\u00f1amiento est\u00e1n orientadas a m\u00fasicos que quieran avanzar hacia objetivos definidos como preparar un repertorio de concierto, preparar la grabaci\u00f3n de un disco, o tambi\u00e9n para mejorar aspectos mas gen\u00e9ricos como la eficiencia en el estudio y desarrollar un plan t\u00e9cnico a medida.<\/p>\n<p>A menudo cuando uno se enfrenta a la materializaci\u00f3n de proyectos, surgen resistencias, aparecen inseguridades y nos encontramos con l\u00edmites que pueden ser superados con la gu\u00eda adecuada.<\/p>\n<p>Ponte en contacto para m\u00e1s informaci\u00f3n y para que podamos evaluar si puedo serte \u00fatil en tu caso concreto.<\/p>\n\n\t\t<\/div> \n\t<\/div> <a   href=\"https:\/\/unairodriguez.com\/en\/contacto\/\"  class=\"dima-button dima-waves fill dima-btn-small float-center dima-btn-rounded\"      >Contacta<\/a><\/div><\/div><\/div><\/div><\/div><\/div><\/div>","protected":false},"excerpt":{"rendered":"Las sesiones individuales de acompa\u00f1amiento est\u00e1n orientadas a m\u00fasicos que quieran avanzar hacia objetivos definidos como preparar un repertorio de concierto, preparar la grabaci\u00f3n de un disco, o tambi\u00e9n para mejorar aspectos mas gen\u00e9ricos como la eficiencia en el estudio y desarrollar un plan t\u00e9cnico a medida. A menudo cuando uno se enfrenta a la [...]","protected":false},"author":1,"featured_media":0,"parent":0,"menu_order":0,"comment_status":"closed","ping_status":"closed","template":"","meta":{"content-type":"","om_disable_all_campaigns":false,"_monsterinsights_skip_tracking":false,"_monsterinsights_sitenote_active":false,"_monsterinsights_sitenote_note":"","_monsterinsights_sitenote_category":0,"_themeisle_gutenberg_block_has_review":false,"footnotes":""},"class_list":["post-7324","page","type-page","status-publish","hentry"],"aioseo_notices":[],"jetpack_sharing_enabled":true,"amp_enabled":true,"_links":{"self":[{"href":"https:\/\/unairodriguez.com\/en\/wp-json\/wp\/v2\/pages\/7324","targetHints":{"allow":["GET"]}}],"collection":[{"href":"https:\/\/unairodriguez.com\/en\/wp-json\/wp\/v2\/pages"}],"about":[{"href":"https:\/\/unairodriguez.com\/en\/wp-json\/wp\/v2\/types\/page"}],"author":[{"embeddable":true,"href":"https:\/\/unairodriguez.com\/en\/wp-json\/wp\/v2\/users\/1"}],"replies":[{"embeddable":true,"href":"https:\/\/unairodriguez.com\/en\/wp-json\/wp\/v2\/comments?post=7324"}],"version-history":[{"count":0,"href":"https:\/\/unairodriguez.com\/en\/wp-json\/wp\/v2\/pages\/7324\/revisions"}],"wp:attachment":[{"href":"https:\/\/unairodriguez.com\/en\/wp-json\/wp\/v2\/media?parent=7324"}],"curies":[{"name":"wp","href":"https:\/\/api.w.org\/{rel}","templated":true}]}}