{"id":7317,"date":"2022-08-27T16:39:48","date_gmt":"2022-08-27T16:39:48","guid":{"rendered":"https:\/\/unairodriguez.com\/?page_id=7317"},"modified":"2022-09-05T13:12:01","modified_gmt":"2022-09-05T13:12:01","slug":"contacto","status":"publish","type":"page","link":"https:\/\/unairodriguez.com\/en\/contacto\/","title":{"rendered":"Contacto"},"content":{"rendered":"<div  class=\"page-section-content section page-section-69e463701d797\"  ><div class=\"container page-section\"><div class=\"ok-row items-start flex flex-wrap\"><div  class=\"ok-xsd-12 page-section-69e463701d8a3   ok-md-6\"   ><div class=\"page-section\" ><div class=\"dimacoltable page-section\"><div class=\"dimacell\"><h2 style=\"text-align: center;font-family:Source Sans Pro;font-weight:200;font-style:normal\" class=\"vc_custom_heading\" >Mensajer\u00eda directa<\/h2><div  class=\"section page-section-69e463701dbe4\" ><div class=\"no-padding-section page-section-content\"  ><div class=\"page-section\"><div class=\"ok-row\"><div  class=\"ok-sd-6 ok-xsd-12 ok-md-6\" style=\"\" ><div  class=\"dima-img text-center column-item overflow-hidden\"       ><a  class=\"\"   href=\"https:\/\/t.me\/unairodriguez_com\" ><img decoding=\"async\" class=\"dima_image-img dima-image\" src=\"https:\/\/unairodriguez.com\/wp-content\/uploads\/2022\/09\/icono-telegram-75x75.png\" width=\"75\" height=\"75\" alt=\"alt=&quot;&quot;\" title=\"icono telegram\" \/><\/a><\/div><\/div><div  class=\"ok-sd-6 ok-xsd-12 ok-md-6\" style=\"\" ><div  class=\"dima-img text-center column-item overflow-hidden\"       ><a  class=\"\"   href=\"https:\/\/wa.me\/34621022241\" ><img decoding=\"async\" class=\"dima_image-img dima-image\" src=\"https:\/\/unairodriguez.com\/wp-content\/uploads\/2022\/09\/icono-whatsapp-75x75.png\" width=\"75\" height=\"75\" alt=\"alt=&quot;&quot;\" title=\"icono whatsapp\" \/><\/a><\/div><\/div><\/div><\/div><\/div><\/div><div  class=\"dima-divider   line-hr line-\"   data-bg-color=\"#1e73be\"><\/div><h2 style=\"text-align: center;font-family:Source Sans Pro;font-weight:200;font-style:normal\" class=\"vc_custom_heading\" >Lista de correo<\/h2>\n\t<div class=\"wpb_content_element\" >\n\t\t<div class=\"wpb_wrapper\">\n\t\t\t<p style=\"text-align: center;\">Subscr\u00edbete para recibir informaci\u00f3n<\/p>\n<p style=\"text-align: center;\">de nuevas actividades y publicaciones<\/p>\n\n\t\t<\/div> \n\t<\/div> \n\t<div class=\"wpb_raw_code wpb_content_element wpb_raw_html\" >\n\t\t<div class=\"wpb_wrapper\">\n\t\t\t<script charset=\"utf-8\" type=\"text\/javascript\" src=\"\/\/js-eu1.hsforms.net\/forms\/v2.js?pre=1\"><\/script>\n<script>\n  hbspt.forms.create({\n    region: \"eu1\",\n    portalId: \"26203925\",\n    formId: \"d396aeac-605b-4cf5-827d-a13c3f8a6a31\"\n  });\n<\/script>\n\t\t<\/div>\n\t<\/div>\n<\/div><\/div><\/div><\/div><div  class=\"ok-xsd-12 page-section-69e463701e872  text-center ok-md-6\"   ><div class=\"page-section\" ><div class=\"dimacoltable page-section\"><div class=\"dimacell\"><h2 style=\"text-align: center;font-family:Source Sans Pro;font-weight:200;font-style:normal\" class=\"vc_custom_heading\" >Formulario de contacto<\/h2>\n<div class=\"wpcf7 no-js\" id=\"wpcf7-f7761-o1\" lang=\"es-ES\" dir=\"ltr\" data-wpcf7-id=\"7761\">\n<div class=\"screen-reader-response\"><p role=\"status\" aria-live=\"polite\" aria-atomic=\"true\"><\/p> <ul><\/ul><\/div>\n<form action=\"\/en\/wp-json\/wp\/v2\/pages\/7317#wpcf7-f7761-o1\" method=\"post\" class=\"wpcf7-form init dima_contact_form_7\" aria-label=\"Formulario de contacto\" novalidate=\"novalidate\" data-status=\"init\" data-trp-original-action=\"\/en\/wp-json\/wp\/v2\/pages\/7317#wpcf7-f7761-o1\">\n<fieldset class=\"hidden-fields-container\"><input type=\"hidden\" name=\"_wpcf7\" value=\"7761\" \/><input type=\"hidden\" name=\"_wpcf7_version\" value=\"6.1.5\" \/><input type=\"hidden\" name=\"_wpcf7_locale\" value=\"es_ES\" \/><input type=\"hidden\" name=\"_wpcf7_unit_tag\" value=\"wpcf7-f7761-o1\" \/><input type=\"hidden\" name=\"_wpcf7_container_post\" value=\"0\" \/><input type=\"hidden\" name=\"_wpcf7_posted_data_hash\" value=\"\" \/><input type=\"hidden\" name=\"_wpcf7_recaptcha_response\" value=\"\" \/>\n<\/fieldset>\n<p><label> Tu nombre<br \/>\n<span class=\"wpcf7-form-control-wrap\" data-name=\"your-name\"><input size=\"40\" maxlength=\"400\" class=\"wpcf7-form-control wpcf7-text wpcf7-validates-as-required\" aria-required=\"true\" aria-invalid=\"false\" value=\"\" type=\"text\" name=\"your-name\" \/><\/span> <\/label>\n<\/p>\n<p><label> Tu correo electr\u00f3nico<br \/>\n<span class=\"wpcf7-form-control-wrap\" data-name=\"your-email\"><input size=\"40\" maxlength=\"400\" class=\"wpcf7-form-control wpcf7-email wpcf7-validates-as-required wpcf7-text wpcf7-validates-as-email\" aria-required=\"true\" aria-invalid=\"false\" value=\"\" type=\"email\" name=\"your-email\" \/><\/span> <\/label>\n<\/p>\n<p><label> Asunto<br \/>\n<span class=\"wpcf7-form-control-wrap\" data-name=\"your-subject\"><input size=\"40\" maxlength=\"400\" class=\"wpcf7-form-control wpcf7-text wpcf7-validates-as-required\" aria-required=\"true\" aria-invalid=\"false\" value=\"\" type=\"text\" name=\"your-subject\" \/><\/span> <\/label>\n<\/p>\n<p><label> Tu mensaje<br \/>\n<span class=\"wpcf7-form-control-wrap\" data-name=\"your-message\"><textarea cols=\"40\" rows=\"10\" maxlength=\"2000\" class=\"wpcf7-form-control wpcf7-textarea wpcf7-validates-as-required\" aria-required=\"true\" aria-invalid=\"false\" name=\"your-message\"><\/textarea><\/span> <\/label>\n<\/p>\n<p><label> \u00bfQuieres recibir informaci\u00f3n acerca de nuevas publicaciones y actividades? <\/label><br \/>\n<span class=\"wpcf7-form-control-wrap\" data-name=\"radio-606\"><span class=\"wpcf7-form-control wpcf7-radio\"><span class=\"wpcf7-list-item first\"><label><input type=\"radio\" name=\"radio-606\" value=\"Si\" checked=\"checked\" \/><span class=\"wpcf7-list-item-label\">Si<\/span><\/label><\/span><span class=\"wpcf7-list-item last\"><label><input type=\"radio\" name=\"radio-606\" value=\"No\" \/><span class=\"wpcf7-list-item-label\">No<\/span><\/label><\/span><\/span><\/span>\n<\/p>\n<p><input class=\"wpcf7-form-control wpcf7-submit has-spinner\" type=\"submit\" value=\"Enviar\" \/>\n<\/p><div class=\"wpcf7-response-output\" aria-hidden=\"true\"><\/div>\n<input type=\"hidden\" name=\"trp-form-language\" value=\"en\"\/><\/form>\n<\/div>\n<\/div><\/div><\/div><\/div><\/div><\/div><\/div>","protected":false},"excerpt":{"rendered":"Mensajer\u00eda directaLista de correo Subscr\u00edbete para recibir informaci\u00f3n de nuevas actividades y publicaciones Formulario de contacto Tu nombre Tu correo electr\u00f3nico Asunto Tu mensaje \u00bfQuieres recibir informaci\u00f3n acerca de nuevas publicaciones y actividades? SiNo","protected":false},"author":1,"featured_media":0,"parent":0,"menu_order":0,"comment_status":"closed","ping_status":"closed","template":"","meta":{"content-type":"","om_disable_all_campaigns":false,"_monsterinsights_skip_tracking":false,"_monsterinsights_sitenote_active":false,"_monsterinsights_sitenote_note":"","_monsterinsights_sitenote_category":0,"_themeisle_gutenberg_block_has_review":false,"footnotes":""},"class_list":["post-7317","page","type-page","status-publish","hentry"],"aioseo_notices":[],"jetpack_sharing_enabled":true,"amp_enabled":true,"_links":{"self":[{"href":"https:\/\/unairodriguez.com\/en\/wp-json\/wp\/v2\/pages\/7317","targetHints":{"allow":["GET"]}}],"collection":[{"href":"https:\/\/unairodriguez.com\/en\/wp-json\/wp\/v2\/pages"}],"about":[{"href":"https:\/\/unairodriguez.com\/en\/wp-json\/wp\/v2\/types\/page"}],"author":[{"embeddable":true,"href":"https:\/\/unairodriguez.com\/en\/wp-json\/wp\/v2\/users\/1"}],"replies":[{"embeddable":true,"href":"https:\/\/unairodriguez.com\/en\/wp-json\/wp\/v2\/comments?post=7317"}],"version-history":[{"count":0,"href":"https:\/\/unairodriguez.com\/en\/wp-json\/wp\/v2\/pages\/7317\/revisions"}],"wp:attachment":[{"href":"https:\/\/unairodriguez.com\/en\/wp-json\/wp\/v2\/media?parent=7317"}],"curies":[{"name":"wp","href":"https:\/\/api.w.org\/{rel}","templated":true}]}}