{"id":7311,"date":"2022-08-27T16:29:09","date_gmt":"2022-08-27T16:29:09","guid":{"rendered":"https:\/\/unairodriguez.com\/?page_id=7311"},"modified":"2022-12-14T13:53:06","modified_gmt":"2022-12-14T13:53:06","slug":"formacion","status":"publish","type":"page","link":"https:\/\/unairodriguez.com\/en\/formacion\/","title":{"rendered":"Cursos"},"content":{"rendered":"<section class=\"vc_section\"><div  class=\"page-section-content section page-section-69e47c440db4b\"  ><div class=\"container page-section\"><div class=\"ok-row\"><div  class=\"ok-xsd-12 page-section-69e47c440dc29   ok-md-6\"   ><div class=\"page-section\" ><div class=\"dimacoltable page-section\"><div class=\"dimacell\"><div  class=\"dima-img rounded column-item overflow-hidden\"       ><a  class=\"\"   href=\"https:\/\/unairodriguez.com\/en\/incubadora\/\" ><img decoding=\"async\" class=\"dima_image-img dima-image\" src=\"https:\/\/unairodriguez.com\/wp-content\/uploads\/2022\/08\/POST-1-incubadora-de-canciones-cuadrado-500x500.jpg\" width=\"500\" height=\"500\" alt=\"alt=&quot;La Incubadora de Canciones&quot;\" title=\"POST-1-incubadora-de-canciones-cuadrado\" \/><\/a><\/div><\/div><\/div><\/div><\/div><div  class=\"ok-xsd-12 page-section-69e47c440e205   ok-md-6\"   ><div class=\"page-section\" ><div class=\"dimacoltable page-section\"><div class=\"dimacell\"><h2 style=\"text-align: left;font-family:Source Sans Pro;font-weight:600;font-style:normal\" class=\"vc_custom_heading\" ><a href=\"https:\/\/unairodriguez.com\/en\/formacion\/incubadora\/\">Dise\u00f1ado para iniciarte en la creaci\u00f3n de canciones.<\/a><\/h2>\n\t<div class=\"wpb_content_element\" >\n\t\t<div class=\"wpb_wrapper\">\n\t\t\t<p>Dirigido a principiantes capaces de tocar algunos acordes sencillos en la guitarra o el piano\/teclado o personas que tengan un nivel medio con el instrumento y que deseen iniciarse en la creaci\u00f3n de canciones.<\/p>\n<p>La edici\u00f3n presencial de este curso comienza en enero 2023 y es posible cursarlo en dos ubicaciones distintas:<\/p>\n<ul>\n<li>Barcelona: en la academia Ars Viva (V\u00eda Augusta 108)<\/li>\n<li>Sant Cugat: Sala a determinar<\/li>\n<\/ul>\n<p>Si estas interesado\/a en la versi\u00f3n online de este curso d\u00e9jame tu correo y te avisar\u00e9 cuando se lleve a cabo.<\/p>\n\n\t\t<\/div> \n\t<\/div> <div  class=\"section page-section-69e47c440e523\" ><div class=\"no-padding-section page-section-content\"  ><div class=\"page-section\"><div class=\"ok-row\"><div  class=\"ok-sd-6 ok-xsd-12 ok-md-6\" style=\"\" ><a   href=\"https:\/\/unairodriguez.com\/en\/incubadora\/\"  class=\"dima-button dima-waves fill dima-btn-small dima-shadow dima-btn-rounded\"      >Presencial<\/a><\/div><div  class=\"ok-sd-6 ok-xsd-12 ok-md-6\" style=\"\" ><a   href=\"https:\/\/forms.gle\/eCMsiUxpr9A9tUZCA\"  class=\"dima-button dima-waves fill dima-btn-small dima-btn-rounded\"    target=\"_blank\" rel=\"noopener\"  >Online<\/a><\/div><\/div><\/div><\/div><\/div><\/div><\/div><\/div><\/div><\/div><\/div><\/div><\/section><div  class=\"page-section-content min-h-screen section page-section-69e47c440e842\"  ><div class=\"container page-section\"><div class=\"ok-row flex flex-wrap items-start flex flex-wrap\"><div  class=\"ok-xsd-12 page-section-69e47c440e937   ok-md-6\"   ><div class=\"page-section\" ><div class=\"dimacoltable page-section\"><div class=\"dimacell\"><div  class=\"dima-img rounded text-center column-item overflow-hidden\"       ><a  class=\"\"   href=\"https:\/\/unairodriguez.com\/en\/bienestar-en-la-practica-musical\/\" ><img decoding=\"async\" class=\"dima_image-img dima-image\" src=\"https:\/\/unairodriguez.com\/wp-content\/uploads\/2022\/08\/BPM-cuadrado-web-500x500.jpg\" width=\"500\" height=\"500\" alt=\"alt=&quot;Bienestar en la Pr\u00e1ctica Musical&quot;\" title=\"BPM - cuadrado web\" \/><\/a><\/div><\/div><\/div><\/div><\/div><div  class=\"ok-xsd-12 page-section-69e47c440ed82   ok-md-6\"   ><div class=\"page-section\" ><div class=\"dimacoltable page-section\"><div class=\"dimacell\"><h2 style=\"text-align: left;font-family:Source Sans Pro;font-weight:600;font-style:normal\" class=\"vc_custom_heading\" ><a href=\"https:\/\/unairodriguez.com\/en\/bienestar-en-la-practica-musical\/\">Complemento imprescindible para la formaci\u00f3n de todo m\u00fasico.<\/a><\/h2>\n\t<div class=\"wpb_content_element\" >\n\t\t<div class=\"wpb_wrapper\">\n\t\t\t<p style=\"text-align: left;\">Esta nueva l\u00ednea de formaci\u00f3n cubre un vac\u00edo educativo en torno a temas que son esenciales tanto para el bienestar de los m\u00fasicos, como para fortalecer la resiliencia y la perseverancia necesarias para la consecuci\u00f3n de logros.<\/p>\n\n\t\t<\/div> \n\t<\/div> <a   href=\"https:\/\/unairodriguez.com\/en\/bienestar-en-la-practica-musical\/\"  class=\"dima-button dima-waves fill dima-btn-small dima-shadow float-center dima-btn-rounded\"      >Quiero saber mas<\/a><\/div><\/div><\/div><\/div><\/div><\/div><div class=\"dima-section-cover background-image-holder dima-color-mask-69e47c440e842 cover-at-back w-screen\"><\/div><style id=\"dima-shortcode-style-69e47c440e842\" type=\"text\/css\">.page-section-69e47c440e842 .dima-color-mask-69e47c440e842{background:#7b949e;background:-moz-linear-gradient(left,#7b949e 0,rgba(22,61,153,0.82) 100%);background:-webkit-gradient(linear,left top,right top,color-stop(0,#7b949e),color-stop(100%,rgba(22,61,153,0.82)));background:-webkit-linear-gradient(left,#7b949e 0,rgba(22,61,153,0.82) 100%);background:-o-linear-gradient(left,#7b949e 0,rgba(22,61,153,0.82) 100%);background:-ms-linear-gradient(left,#7b949e 0,rgba(22,61,153,0.82) 100%);background:linear-gradient(to right,#7b949e 0,rgba(22,61,153,0.82) 100%);opacity:0.6}<\/style><\/div><div  class=\"page-section-content section page-section-69e47c440ef66 vc_custom_1661811954379\"  ><div class=\"container page-section\"><div class=\"ok-row flex flex-wrap items-center flex flex-wrap\"><div  class=\"ok-xsd-12 page-section-69e47c440efcb   ok-md-6\"   ><div class=\"page-section\" ><div class=\"dimacoltable page-section\"><div class=\"dimacell\"><div  class=\"dima-img rounded text-start column-item overflow-hidden\"       ><img decoding=\"async\" class=\"dima_image-img dima-image\" src=\"https:\/\/unairodriguez.com\/wp-content\/uploads\/2022\/08\/Talleres-y-formacion.png\" width=\"500\" height=\"500\" alt=\"alt=&quot;La Incubadora de Canciones&quot;\" title=\"Talleres y formaci\u00f3n\" \/><\/div><\/div><\/div><\/div><\/div><div  class=\"ok-xsd-12 page-section-69e47c440f469   ok-md-6\"   ><div class=\"page-section\" ><div class=\"dimacoltable page-section\"><div class=\"dimacell\">\n\t<div class=\"wpb_content_element\" >\n\t\t<div class=\"wpb_wrapper\">\n\t\t\t\n\t\t<\/div> \n\t<\/div> <h2 style=\"text-align: left;font-family:Source Sans Pro;font-weight:600;font-style:normal\" class=\"vc_custom_heading\" >Talleres y seminarios de formaci\u00f3n para escuelas de m\u00fasica y conservatorios.<\/h2>\n\t<div class=\"wpb_content_element\" >\n\t\t<div class=\"wpb_wrapper\">\n\t\t\t<p>Talleres centrados en uno o varios contenidos espec\u00edficos extra\u00eddos de \u00abBienestar en la pr\u00e1ctica musical\u00bb como pueden ser.<\/p>\n<ul>\n<li>Eficiencia en el estudio.<\/li>\n<li>Dise\u00f1o de un plan t\u00e9cnico a medida.<\/li>\n<li>Estado de flow.<\/li>\n<li>Indagaci\u00f3n en el prop\u00f3sito y sentido de la actividad musical.<\/li>\n<li>La atenci\u00f3n plena en diferentes contextos relacionados con la m\u00fasica.<\/li>\n<\/ul>\n\n\t\t<\/div> \n\t<\/div> <div  class=\"section page-section-69e47c440f678\" ><div class=\"no-padding-section page-section-content\"  ><div class=\"page-section\"><div class=\"ok-row\"><div  class=\"ok-sd-6 ok-xsd-12 text-center items-center flex flex-wrap ok-md-12\" style=\"\" ><a   href=\"https:\/\/unairodriguez.com\/en\/contacto\/\"  class=\"dima-button dima-waves fill dima-btn-small float-center dima-btn-rounded\"      >Solicita una entrevista<\/a><\/div><\/div><\/div><\/div><\/div><\/div><\/div><\/div><\/div><\/div><\/div><\/div><div  class=\"page-section-content section page-section-69e47c440f901 vc_custom_1661811927978\"  ><div class=\"container page-section\"><div class=\"ok-row flex flex-wrap items-center flex flex-wrap\"><div  class=\"ok-xsd-12 page-section-69e47c440f9f0   items-start  flex flex-wrap ok-md-6\"   ><div class=\"page-section\" ><div class=\"dimacoltable page-section\"><div class=\"dimacell\"><div  class=\"dima-img rounded text-start column-item overflow-hidden\"       ><a  class=\"\"   href=\"https:\/\/unairodriguez.com\/en\/coaching\/\" ><img decoding=\"async\" class=\"dima_image-img dima-image\" src=\"https:\/\/unairodriguez.com\/wp-content\/uploads\/2022\/08\/Unai-camisa-roja-cuadrada-2.png\" width=\"500\" height=\"500\" alt=\"alt=&quot;Sesiones individuales&quot;\" title=\"Unai camisa roja - cuadrada 2\" \/><\/a><\/div><\/div><\/div><\/div><\/div><div  class=\"ok-xsd-12 page-section-69e47c440fea8   items-start  flex flex-wrap ok-md-6\"   ><div class=\"page-section\" ><div class=\"dimacoltable page-section\"><div class=\"dimacell\">\n\t<div class=\"wpb_content_element\" >\n\t\t<div class=\"wpb_wrapper\">\n\t\t\t\n\t\t<\/div> \n\t<\/div> <h2 style=\"text-align: left;font-family:Source Sans Pro;font-weight:600;font-style:normal\" class=\"vc_custom_heading\" ><a href=\"https:\/\/unairodriguez.com\/en\/coaching\/\">Una mirada al m\u00fasico teniendo en cuenta la totalidad de la persona.<\/a><\/h2>\n\t<div class=\"wpb_content_element\" >\n\t\t<div class=\"wpb_wrapper\">\n\t\t\t<p class=\"has-medium-font-size\">Adem\u00e1s de los cursos y talleres grupales tambi\u00e9n es posible concertar sesiones individuales de acompa\u00f1amiento a tu proceso de crecimiento como m\u00fasico. Este servicio esta orientado a personas que quieran avanzar hacia objetivos definidos como preparar un repertorio de concierto, preparar la grabaci\u00f3n de un disco, o tambi\u00e9n para mejorar aspectos mas gen\u00e9ricos como la eficiencia en el estudio y desarrollar un plan t\u00e9cnico a medida. Las sesiones pueden ser online o presenciales en Barcelona.<\/p>\n\n\t\t<\/div> \n\t<\/div> <div  class=\"section page-section-69e47c4410083\" ><div class=\"no-padding-section page-section-content\"  ><div class=\"page-section\"><div class=\"ok-row\"><div  class=\"ok-sd-6 ok-xsd-12 text-center ok-md-12\" style=\"\" ><a   href=\"https:\/\/unairodriguez.com\/en\/contacto\/\"  class=\"dima-button dima-waves fill dima-btn-small dima-btn-rounded\"      >Contacta<\/a><\/div><\/div><\/div><\/div><\/div><\/div><\/div><\/div><\/div><\/div><\/div><div class=\"dima-section-cover background-image-holder dima-color-mask-69e47c440f901 cover-at-back w-screen\"><\/div><style id=\"dima-shortcode-style-69e47c440f901\" type=\"text\/css\">.page-section-69e47c440f901 .dima-color-mask-69e47c440f901{background:#7b949e;background:-moz-linear-gradient(left,#7b949e 0,rgba(22,61,153,0.82) 100%);background:-webkit-gradient(linear,left top,right top,color-stop(0,#7b949e),color-stop(100%,rgba(22,61,153,0.82)));background:-webkit-linear-gradient(left,#7b949e 0,rgba(22,61,153,0.82) 100%);background:-o-linear-gradient(left,#7b949e 0,rgba(22,61,153,0.82) 100%);background:-ms-linear-gradient(left,#7b949e 0,rgba(22,61,153,0.82) 100%);background:linear-gradient(to right,#7b949e 0,rgba(22,61,153,0.82) 100%);opacity:0.6}<\/style><\/div>","protected":false},"excerpt":{"rendered":"Dise\u00f1ado para iniciarte en la creaci\u00f3n de canciones. Dirigido a principiantes capaces de tocar algunos acordes sencillos en la guitarra o el piano\/teclado o personas que tengan un nivel medio con el instrumento y que deseen iniciarse en la creaci\u00f3n de canciones. La edici\u00f3n presencial de este curso comienza en enero 2023 y es posible [...]","protected":false},"author":1,"featured_media":0,"parent":0,"menu_order":0,"comment_status":"closed","ping_status":"closed","template":"","meta":{"content-type":"","om_disable_all_campaigns":false,"_monsterinsights_skip_tracking":false,"_monsterinsights_sitenote_active":false,"_monsterinsights_sitenote_note":"","_monsterinsights_sitenote_category":0,"_themeisle_gutenberg_block_has_review":false,"footnotes":""},"class_list":["post-7311","page","type-page","status-publish","hentry"],"aioseo_notices":[],"jetpack_sharing_enabled":true,"amp_enabled":true,"_links":{"self":[{"href":"https:\/\/unairodriguez.com\/en\/wp-json\/wp\/v2\/pages\/7311","targetHints":{"allow":["GET"]}}],"collection":[{"href":"https:\/\/unairodriguez.com\/en\/wp-json\/wp\/v2\/pages"}],"about":[{"href":"https:\/\/unairodriguez.com\/en\/wp-json\/wp\/v2\/types\/page"}],"author":[{"embeddable":true,"href":"https:\/\/unairodriguez.com\/en\/wp-json\/wp\/v2\/users\/1"}],"replies":[{"embeddable":true,"href":"https:\/\/unairodriguez.com\/en\/wp-json\/wp\/v2\/comments?post=7311"}],"version-history":[{"count":0,"href":"https:\/\/unairodriguez.com\/en\/wp-json\/wp\/v2\/pages\/7311\/revisions"}],"wp:attachment":[{"href":"https:\/\/unairodriguez.com\/en\/wp-json\/wp\/v2\/media?parent=7311"}],"curies":[{"name":"wp","href":"https:\/\/api.w.org\/{rel}","templated":true}]}}