{"id":7308,"date":"2022-08-27T16:23:54","date_gmt":"2022-08-27T16:23:54","guid":{"rendered":"https:\/\/unairodriguez.com\/?page_id=7308"},"modified":"2023-01-03T18:56:56","modified_gmt":"2023-01-03T18:56:56","slug":"bio","status":"publish","type":"page","link":"https:\/\/unairodriguez.com\/en\/bio\/","title":{"rendered":"Biograf\u00eda"},"content":{"rendered":"<div  class=\"page-section-content section page-section-69e463029f680\"  ><div class=\"container page-section\"><div class=\"ok-row items-center flex flex-wrap\"><div  class=\"ok-xsd-12 page-section-69e463029f75d   items-start  flex flex-wrap ok-md-12\"   ><div class=\"page-section\" ><div class=\"dimacoltable page-section\"><div class=\"dimacell\">\n\t<div class=\"wpb_content_element\" >\n\t\t<div class=\"wpb_wrapper\">\n\t\t\t<p class=\"has-medium-font-size\">El guitarrista Unai Rodr\u00edguez nace en Portugalete, Vizcaya, en el a\u00f1o 1975. Obtiene la licenciatura como interprete de guitarra cl\u00e1sica por el Conservatorio Superior del Pa\u00eds Vasco, Musikene, bajo la tutela de Marco Soc\u00edas. Al finalizar los estudios superiores contin\u00faa durante una a\u00f1o perfeccionando sus dotes \u00a0interpretativas con Fernando Rodr\u00edguez. Tambi\u00e9n ha recibido clases de otros grandes guitarristas como son: Eduardo Isaac, Franz Halasz, Jukka Savijoki, Alex Garrob\u00e9, Aniello Desiderio, Marcin Dylla y Roberto Aussel.<\/p>\n<p class=\"has-medium-font-size\">Como guitarrista cl\u00e1sico ha participado en numerosos conciertos tanto como solista, solista con orquesta, a d\u00fao o en formato cuarteto de guitarras. Cabe destacar las actuaciones en la IX semana Musical Aita Donostia y en el IV Festival Internacional de Guitarra de Hondarribia, la actuaci\u00f3n como solista con orquesta bajo la batuta del director Gorka Sierra en la Catedral de Santo Domingo de la Calzada, la actuaci\u00f3n a d\u00fao con el guitarrista Carles Trepat en el Palacio Euskalduna de Bilbao acompa\u00f1ados por la Orquesta Bilbao Philarmonia, concierto solista en las XII Jornades Culturals de Psicolog\u00eda de la UB.<\/p>\n<p class=\"has-medium-font-size\">Desde el a\u00f1o 2015, entra en una nueva etapa marcada por la creaci\u00f3n e interpretaci\u00f3n de sus propias composiciones. M\u00fasicas nacidas de un espacio interior con la intenci\u00f3n de expresar la propia alma a trav\u00e9s de\u00a0la guitarra.<\/p>\n<p class=\"has-medium-font-size\">Fuera del \u00e1mbito meramente guitarr\u00edstico, ha colaborado en la composici\u00f3n y grabaci\u00f3n de la cancion oficial del congreso de voluntariado \u201cVia Encuentro\u201d en las ediciones de 2013 y 2017, ha compuesto la mayor parte de la banda sonora de la obra de teatro \u201cVictoria\u201d de Mar\u00eda Borrego Gir\u00e1ldez, y colabora regularmente con el M\u00e9todo AfroYin con m\u00fasica en directo en algunos de sus seminarios.<\/p>\n<p class=\"has-medium-font-size\">Paralelamente a su formaci\u00f3n\u00a0musical, Unai esta formado como profesor de Yoga e instructor de meditaci\u00f3n por el Ashram Sanatana Dharma (Cestona) y\u00a0ha realizado cursos de profundizaci\u00f3n en el Ashram Naradeva (Segovia). Tiene el t\u00edtulo de\u00a0M\u00e1ster Remind \u00a0(Relajaci\u00f3n, Meditaci\u00f3n y Mindfulness) por la Universidad de Barcelona y es el creador de la formaci\u00f3n \u201cBienestar en la Pr\u00e1ctica Musical\u201d.<\/p>\n<p class=\"has-medium-font-size\">En 2018, junto con otros\u00a0socios, funda\u00a0la cooperativa de m\u00fasicos\u00a0Ars Viva dedicada a la ense\u00f1anza y difusi\u00f3n musical.<\/p>\n\n\t\t<\/div> \n\t<\/div> <\/div><\/div><\/div><\/div><\/div><\/div><\/div><div  class=\"page-section-content section page-section-69e463029f94b\"  ><div class=\"container page-section\"><div class=\"ok-row\"><div  class=\"ok-xsd-12 page-section-69e463029f9a2   ok-md-12\"   ><div class=\"page-section\" ><div class=\"dimacoltable page-section\"><div class=\"dimacell\"><div  class=\"dima-img rounded text-center column-item overflow-hidden\"       ><img decoding=\"async\" width=\"682\" height=\"1024\" src=\"https:\/\/unairodriguez.com\/wp-content\/uploads\/2023\/01\/olmo-movimiento-AI-mejorada--100x150.jpg\" class=\"dima_image-img dima-image attachment-large lazyload js-lazy-image\" alt=\"\" data-src=\"https:\/\/unairodriguez.com\/wp-content\/uploads\/2023\/01\/olmo-movimiento-AI-mejorada--682x1024.jpg\" data-srcset=\"https:\/\/unairodriguez.com\/wp-content\/uploads\/2023\/01\/olmo-movimiento-AI-mejorada--682x1024.jpg 682w, https:\/\/unairodriguez.com\/wp-content\/uploads\/2023\/01\/olmo-movimiento-AI-mejorada--200x300.jpg 200w, https:\/\/unairodriguez.com\/wp-content\/uploads\/2023\/01\/olmo-movimiento-AI-mejorada--768x1152.jpg 768w, https:\/\/unairodriguez.com\/wp-content\/uploads\/2023\/01\/olmo-movimiento-AI-mejorada--1024x1536.jpg 1024w, https:\/\/unairodriguez.com\/wp-content\/uploads\/2023\/01\/olmo-movimiento-AI-mejorada--1365x2048.jpg 1365w, https:\/\/unairodriguez.com\/wp-content\/uploads\/2023\/01\/olmo-movimiento-AI-mejorada--8x12.jpg 8w, https:\/\/unairodriguez.com\/wp-content\/uploads\/2023\/01\/olmo-movimiento-AI-mejorada--585x878.jpg 585w, https:\/\/unairodriguez.com\/wp-content\/uploads\/2023\/01\/olmo-movimiento-AI-mejorada--1170x1756.jpg 1170w, https:\/\/unairodriguez.com\/wp-content\/uploads\/2023\/01\/olmo-movimiento-AI-mejorada--100x150.jpg 100w, https:\/\/unairodriguez.com\/wp-content\/uploads\/2023\/01\/olmo-movimiento-AI-mejorada-.jpg 1706w\" data-sizes=\"(max-width: 682px) 100vw, 682px\" \/><\/div><\/div><\/div><\/div><\/div><\/div><\/div><\/div>","protected":false},"excerpt":{"rendered":"El guitarrista Unai Rodr\u00edguez nace en Portugalete, Vizcaya, en el a\u00f1o 1975. Obtiene la licenciatura como interprete de guitarra cl\u00e1sica por el Conservatorio Superior del Pa\u00eds Vasco, Musikene, bajo la tutela de Marco Soc\u00edas. Al finalizar los estudios superiores contin\u00faa durante una a\u00f1o perfeccionando sus dotes \u00a0interpretativas con Fernando Rodr\u00edguez. Tambi\u00e9n ha recibido clases de [...]","protected":false},"author":1,"featured_media":0,"parent":0,"menu_order":0,"comment_status":"closed","ping_status":"closed","template":"","meta":{"content-type":"","om_disable_all_campaigns":false,"_monsterinsights_skip_tracking":false,"_monsterinsights_sitenote_active":false,"_monsterinsights_sitenote_note":"","_monsterinsights_sitenote_category":0,"_themeisle_gutenberg_block_has_review":false,"footnotes":""},"class_list":["post-7308","page","type-page","status-publish","hentry"],"aioseo_notices":[],"jetpack_sharing_enabled":true,"amp_enabled":true,"_links":{"self":[{"href":"https:\/\/unairodriguez.com\/en\/wp-json\/wp\/v2\/pages\/7308","targetHints":{"allow":["GET"]}}],"collection":[{"href":"https:\/\/unairodriguez.com\/en\/wp-json\/wp\/v2\/pages"}],"about":[{"href":"https:\/\/unairodriguez.com\/en\/wp-json\/wp\/v2\/types\/page"}],"author":[{"embeddable":true,"href":"https:\/\/unairodriguez.com\/en\/wp-json\/wp\/v2\/users\/1"}],"replies":[{"embeddable":true,"href":"https:\/\/unairodriguez.com\/en\/wp-json\/wp\/v2\/comments?post=7308"}],"version-history":[{"count":0,"href":"https:\/\/unairodriguez.com\/en\/wp-json\/wp\/v2\/pages\/7308\/revisions"}],"wp:attachment":[{"href":"https:\/\/unairodriguez.com\/en\/wp-json\/wp\/v2\/media?parent=7308"}],"curies":[{"name":"wp","href":"https:\/\/api.w.org\/{rel}","templated":true}]}}